{"id":17806,"date":"2022-03-20T01:20:03","date_gmt":"2022-03-20T01:20:03","guid":{"rendered":"https:\/\/dreamstyle.cl\/surfshop\/?post_type=product&#038;p=17806"},"modified":"2022-03-20T01:22:29","modified_gmt":"2022-03-20T01:22:29","slug":"gopro-hero9-black","status":"publish","type":"product","link":"https:\/\/dreamstyle.cl\/surfshop\/producto\/gopro-hero9-black\/","title":{"rendered":"GoPro\u00ae Hero9 Black"},"content":{"rendered":"<div class=\"billMeLater \">\n<div class=\"cs_featuredTabItem odd\"><\/div>\n<div class=\"cs_featuredTabItem odd last\">\n<h4>GoPro HERO9 Black, M\u00e1s potencia. M\u00e1s claridad. M\u00e1s estabilidad&#8230;<\/h4>\n<p>&nbsp;<\/p>\n<p>La revolucionaria HERO9 Black cuenta con un extraordinario sensor de 23,6 MP para videos incre\u00edbles en 5K y fotos impresionantes de 20 MP. Su nueva y deslumbrante pantalla frontal ofrece una vista previa en vivo para un encuadre f\u00e1cil, mientras su gran pantalla t\u00e1ctil trasera con zoom t\u00e1ctil proporciona un control r\u00e1pido e intuitivo. La HERO9 Black cuenta con un nuevo y potente conjunto de funciones que incluye HindSight y tambi\u00e9n es compatible con el modo Webcam y la transmisi\u00f3n en vivo. Agrega HyperSmooth 3.0, el montaje integrado y un 30 % m\u00e1s de duraci\u00f3n de la bater\u00eda\u00a0para obtener todo y m\u00e1s en una c\u00e1mara extremadamente resistente y sumergible.<\/p>\n<p>&nbsp;<\/p>\n<ul>\n<li><strong>M\u00e1s resoluci\u00f3n<\/strong><br \/>\nGraba impresionantes v\u00eddeos 5K que conservan un gran nivel de detalle incluso al acercar el zoom y capturar fotogramas de 14,7 MP. Tambi\u00e9n graba en 4K, 2,7K, 1440p y 1080p.<strong><br \/>\n<\/strong><\/li>\n<li><strong>M\u00e1s p\u00edxeles<\/strong><br \/>\nCaptura fotos n\u00edtidas de 20 MP con calidad profesional y utiliza SuperFoto para asegurarte de que consigues la toma perfecta.<strong><br \/>\n<\/strong><\/li>\n<li><strong>Accesorio de lente Max<\/strong><br \/>\nEl nuevo accesorio de lente Max ofrece la incre\u00edble estabilizaci\u00f3n Max HyperSmooth y Max SuperView, nuestra perspectiva gran angular m\u00e1s amplia hasta la fecha.<\/li>\n<li><strong>M\u00e1s pantallas<\/strong><br \/>\nLa nueva pantalla frontal te ofrece una vista previa en directo para facilitar el encuadre de selfis, mientras que la enorme pantalla t\u00e1ctil trasera proporciona un control intuitivo.<strong><br \/>\n<\/strong><\/li>\n<li><strong>M\u00e1s estabilidad<\/strong><br \/>\nHyperSmooth 3.0, ahora con tecnolog\u00eda de alineaci\u00f3n con el horizonte en la c\u00e1mara, es nuestra estabilizaci\u00f3n m\u00e1s avanzada hasta la fecha.<strong><br \/>\n<\/strong><\/li>\n<li><strong>C\u00e1mara lenta 8x<\/strong><br \/>\nHERO9 Black captura hasta 240 fotogramas por segundo para proporcionar una sorprendente c\u00e1mara lenta x8.<strong><br \/>\n<\/strong><\/li>\n<li><strong>M\u00e1s aceleraci\u00f3n<\/strong><br \/>\nGraba v\u00eddeos secuenciales fascinantes con TimeWarp 3.0. Ve a toda velocidad o toca Rampa de velocidad para desacelerar la acci\u00f3n durante la grabaci\u00f3n.<strong><br \/>\n<\/strong><\/li>\n<li><strong>HindSight<\/strong><br \/>\nCaptura hasta 30 segundos de contenido antes de empezar a grabar. Aunque pulses el obturador demasiado tarde, conseguir\u00e1s la toma perfecta.<strong><br \/>\n<\/strong><\/li>\n<li><strong>M\u00e1s transmisi\u00f3n.<\/strong><br \/>\nTransmite en directo o usa la webcam con estabilizaci\u00f3n de v\u00eddeo HyperSmooth 3.0 y opciones de montaje casi ilimitadas.<\/li>\n<\/ul>\n<h4><\/h4>\n<h4>Caracter\u00edsticas principales\u00a0de la c\u00e1mara<\/h4>\n<p>Dise\u00f1o optimizado con adaptadores plegables | Compatibilidad con accesorios para la HERO8 Black | Estabilizaci\u00f3n de v\u00eddeo HyperSmooth 2.0 | V\u00eddeo TimeWarp 2.0 | LiveBurst | SuperFoto y HDR mejorado | V\u00eddeo de secuencia nocturna | Lentes digitales (SuperView, Gran Angular, Lineal, Estrecho) | Transmisi\u00f3n en directo en 1080p | Control y activaci\u00f3n por voz | RAW en todos los modos Foto | Ajustes predeterminados y accesos directos en pantalla | Pantalla t\u00e1ctil intuitiva | Zoom t\u00e1ctil | Orientaci\u00f3n vertical | Temporizador de foto | Clips cortos | Resistente y sumergible hasta 10 m | C\u00e1mara lenta 8x | Tasa de bits de 100 Mbps | Detecci\u00f3n de caras, sonrisas, parpadeos y escenas | Alineaci\u00f3n con el horizonte (con la aplicaci\u00f3n GoPro) | Control de exposici\u00f3n | Chip GP1 | Protune | Bater\u00eda recargable (iones de litio de 1220 mAH) | Compatible con carcasa protectora (HERO8 Black)<\/p>\n<h4>Caracter\u00edsticas de audio<\/h4>\n<p>Entrada de audio de micr\u00f3fono de 3,5 mm con el accesorio multimedia para la HERO8 Black o el adaptador Pro (se venden por separado) | Captura de audio RAW (formato .wav) | Reducci\u00f3n del ruido del viento avanzada | Audio est\u00e9reo<\/p>\n<h4><\/h4>\n<h4>Funciones con conexi\u00f3n<\/h4>\n<p>Wifi y Bluetooth | Compatible con GPS | Conexi\u00f3n a la aplicaci\u00f3n GoPro | Descarga autom\u00e1tica al tel\u00e9fono | Subida autom\u00e1tica a la nube con una suscripci\u00f3n a GoPro PLUS | Compatible con Smart Remote | Puerto HDMI con el accesorio multimedia para la HERO8 Black (se vende por separado) | Puerto USB-C<\/p>\n<div class=\"cs_featureBody\">\n<p>&nbsp;<\/p>\n<\/div>\n<\/div>\n<\/div>\n","protected":false},"excerpt":{"rendered":"<p>GoPro HERO9 Black, M\u00e1s potencia. M\u00e1s claridad. M\u00e1s estabilidad&#8230; &nbsp; La revolucionaria HERO9 Black cuenta con un extraordinario sensor de 23,6 MP para videos incre\u00edbles en 5K y fotos impresionantes de 20 MP. Su nueva y deslumbrante pantalla frontal ofrece una vista previa en vivo para un encuadre f\u00e1cil, mientras su gran pantalla t\u00e1ctil trasera [&hellip;]<\/p>\n","protected":false},"featured_media":17851,"comment_status":"open","ping_status":"closed","template":"","meta":{"site-sidebar-layout":"default","site-content-layout":"","ast-site-content-layout":"default","site-content-style":"default","site-sidebar-style":"default","ast-global-header-display":"","ast-banner-title-visibility":"","ast-main-header-display":"","ast-hfb-above-header-display":"","ast-hfb-below-header-display":"","ast-hfb-mobile-header-display":"","site-post-title":"","ast-breadcrumbs-content":"","ast-featured-img":"","footer-sml-layout":"","ast-disable-related-posts":"","theme-transparent-header-meta":"","adv-header-id-meta":"","stick-header-meta":"","header-above-stick-meta":"","header-main-stick-meta":"","header-below-stick-meta":"","astra-migrate-meta-layouts":"default","ast-page-background-enabled":"default","ast-page-background-meta":{"desktop":{"background-color":"var(--ast-global-color-4)","background-image":"","background-repeat":"repeat","background-position":"center center","background-size":"auto","background-attachment":"scroll","background-type":"","background-media":"","overlay-type":"","overlay-color":"","overlay-opacity":"","overlay-gradient":""},"tablet":{"background-color":"","background-image":"","background-repeat":"repeat","background-position":"center center","background-size":"auto","background-attachment":"scroll","background-type":"","background-media":"","overlay-type":"","overlay-color":"","overlay-opacity":"","overlay-gradient":""},"mobile":{"background-color":"","background-image":"","background-repeat":"repeat","background-position":"center center","background-size":"auto","background-attachment":"scroll","background-type":"","background-media":"","overlay-type":"","overlay-color":"","overlay-opacity":"","overlay-gradient":""}},"ast-content-background-meta":{"desktop":{"background-color":"var(--ast-global-color-5)","background-image":"","background-repeat":"repeat","background-position":"center center","background-size":"auto","background-attachment":"scroll","background-type":"","background-media":"","overlay-type":"","overlay-color":"","overlay-opacity":"","overlay-gradient":""},"tablet":{"background-color":"var(--ast-global-color-5)","background-image":"","background-repeat":"repeat","background-position":"center center","background-size":"auto","background-attachment":"scroll","background-type":"","background-media":"","overlay-type":"","overlay-color":"","overlay-opacity":"","overlay-gradient":""},"mobile":{"background-color":"var(--ast-global-color-5)","background-image":"","background-repeat":"repeat","background-position":"center center","background-size":"auto","background-attachment":"scroll","background-type":"","background-media":"","overlay-type":"","overlay-color":"","overlay-opacity":"","overlay-gradient":""}},"_joinchat":[]},"pwb-brand":[],"product_brand":[],"product_cat":[151],"product_tag":[],"class_list":{"0":"post-17806","1":"product","2":"type-product","3":"status-publish","4":"has-post-thumbnail","6":"product_cat-gopro","7":"desktop-align-left","8":"tablet-align-left","9":"mobile-align-left","10":"ast-product-gallery-layout-horizontal","11":"ast-product-tabs-layout-horizontal","13":"first","14":"instock","15":"shipping-taxable","16":"purchasable","17":"product-type-simple"},"brands":[],"_links":{"self":[{"href":"https:\/\/dreamstyle.cl\/surfshop\/wp-json\/wp\/v2\/product\/17806","targetHints":{"allow":["GET"]}}],"collection":[{"href":"https:\/\/dreamstyle.cl\/surfshop\/wp-json\/wp\/v2\/product"}],"about":[{"href":"https:\/\/dreamstyle.cl\/surfshop\/wp-json\/wp\/v2\/types\/product"}],"replies":[{"embeddable":true,"href":"https:\/\/dreamstyle.cl\/surfshop\/wp-json\/wp\/v2\/comments?post=17806"}],"wp:featuredmedia":[{"embeddable":true,"href":"https:\/\/dreamstyle.cl\/surfshop\/wp-json\/wp\/v2\/media\/17851"}],"wp:attachment":[{"href":"https:\/\/dreamstyle.cl\/surfshop\/wp-json\/wp\/v2\/media?parent=17806"}],"wp:term":[{"taxonomy":"pwb-brand","embeddable":true,"href":"https:\/\/dreamstyle.cl\/surfshop\/wp-json\/wp\/v2\/pwb-brand?post=17806"},{"taxonomy":"product_brand","embeddable":true,"href":"https:\/\/dreamstyle.cl\/surfshop\/wp-json\/wp\/v2\/product_brand?post=17806"},{"taxonomy":"product_cat","embeddable":true,"href":"https:\/\/dreamstyle.cl\/surfshop\/wp-json\/wp\/v2\/product_cat?post=17806"},{"taxonomy":"product_tag","embeddable":true,"href":"https:\/\/dreamstyle.cl\/surfshop\/wp-json\/wp\/v2\/product_tag?post=17806"}],"curies":[{"name":"wp","href":"https:\/\/api.w.org\/{rel}","templated":true}]}}