{"id":17810,"date":"2022-03-20T01:20:04","date_gmt":"2022-03-20T01:20:04","guid":{"rendered":"https:\/\/dreamstyle.cl\/surfshop\/?post_type=product&#038;p=17810"},"modified":"2022-04-18T01:47:07","modified_gmt":"2022-04-18T01:47:07","slug":"mochila-street-skate-snowboard-strap","status":"publish","type":"product","link":"https:\/\/dreamstyle.cl\/surfshop\/producto\/mochila-street-skate-snowboard-strap\/","title":{"rendered":"Mochila Street (Skate &#038; Snowboard Strap)"},"content":{"rendered":"<p>\u2022 Strap de hombreras reforzados<br \/>\n\u2022 Protector de cintura acolchado, el cual otorga mayor firmeza y agarre de la mochila al cuerpo<br \/>\n\u2022 Bolsillo superior forrado con tela muy suave para guardar Lentes y antiparras, resguard\u00e1ndolas de golpes y rayaduras<br \/>\n\u2022 Tela ultra porosa y sistema de agarre integrado para llevar tu Tabla donde quiera que vayas.<br \/>\n\u2022 Puedes llevar Beeper, Palas y todo lo necesario para andar fuera de pista en el interior de la mochila.<\/p>\n","protected":false},"excerpt":{"rendered":"<p>Pertenece al segmento todo terreno, con muchos accesorios que te dar\u00e1n seguridad y comodidad. Est\u00e1 pensada para todo tipo de usuario, pero a Skater y Snowboarders les encantar\u00e1.<\/p>\n","protected":false},"featured_media":17863,"comment_status":"open","ping_status":"closed","template":"","meta":{"site-sidebar-layout":"default","site-content-layout":"","ast-site-content-layout":"default","site-content-style":"default","site-sidebar-style":"default","ast-global-header-display":"","ast-banner-title-visibility":"","ast-main-header-display":"","ast-hfb-above-header-display":"","ast-hfb-below-header-display":"","ast-hfb-mobile-header-display":"","site-post-title":"","ast-breadcrumbs-content":"","ast-featured-img":"","footer-sml-layout":"","ast-disable-related-posts":"","theme-transparent-header-meta":"","adv-header-id-meta":"","stick-header-meta":"","header-above-stick-meta":"","header-main-stick-meta":"","header-below-stick-meta":"","astra-migrate-meta-layouts":"default","ast-page-background-enabled":"default","ast-page-background-meta":{"desktop":{"background-color":"var(--ast-global-color-4)","background-image":"","background-repeat":"repeat","background-position":"center center","background-size":"auto","background-attachment":"scroll","background-type":"","background-media":"","overlay-type":"","overlay-color":"","overlay-opacity":"","overlay-gradient":""},"tablet":{"background-color":"","background-image":"","background-repeat":"repeat","background-position":"center center","background-size":"auto","background-attachment":"scroll","background-type":"","background-media":"","overlay-type":"","overlay-color":"","overlay-opacity":"","overlay-gradient":""},"mobile":{"background-color":"","background-image":"","background-repeat":"repeat","background-position":"center center","background-size":"auto","background-attachment":"scroll","background-type":"","background-media":"","overlay-type":"","overlay-color":"","overlay-opacity":"","overlay-gradient":""}},"ast-content-background-meta":{"desktop":{"background-color":"var(--ast-global-color-5)","background-image":"","background-repeat":"repeat","background-position":"center center","background-size":"auto","background-attachment":"scroll","background-type":"","background-media":"","overlay-type":"","overlay-color":"","overlay-opacity":"","overlay-gradient":""},"tablet":{"background-color":"var(--ast-global-color-5)","background-image":"","background-repeat":"repeat","background-position":"center center","background-size":"auto","background-attachment":"scroll","background-type":"","background-media":"","overlay-type":"","overlay-color":"","overlay-opacity":"","overlay-gradient":""},"mobile":{"background-color":"var(--ast-global-color-5)","background-image":"","background-repeat":"repeat","background-position":"center center","background-size":"auto","background-attachment":"scroll","background-type":"","background-media":"","overlay-type":"","overlay-color":"","overlay-opacity":"","overlay-gradient":""}},"_joinchat":[]},"pwb-brand":[],"product_brand":[],"product_cat":[188,206,213],"product_tag":[],"class_list":{"0":"post-17810","1":"product","2":"type-product","3":"status-publish","4":"has-post-thumbnail","6":"product_cat-mochilas","7":"product_cat-ropa","8":"product_cat-skateboarding","9":"desktop-align-left","10":"tablet-align-left","11":"mobile-align-left","12":"ast-product-gallery-layout-horizontal","13":"ast-product-tabs-layout-horizontal","15":"first","16":"outofstock","17":"shipping-taxable","18":"product-type-simple"},"brands":[],"_links":{"self":[{"href":"https:\/\/dreamstyle.cl\/surfshop\/wp-json\/wp\/v2\/product\/17810","targetHints":{"allow":["GET"]}}],"collection":[{"href":"https:\/\/dreamstyle.cl\/surfshop\/wp-json\/wp\/v2\/product"}],"about":[{"href":"https:\/\/dreamstyle.cl\/surfshop\/wp-json\/wp\/v2\/types\/product"}],"replies":[{"embeddable":true,"href":"https:\/\/dreamstyle.cl\/surfshop\/wp-json\/wp\/v2\/comments?post=17810"}],"wp:featuredmedia":[{"embeddable":true,"href":"https:\/\/dreamstyle.cl\/surfshop\/wp-json\/wp\/v2\/media\/17863"}],"wp:attachment":[{"href":"https:\/\/dreamstyle.cl\/surfshop\/wp-json\/wp\/v2\/media?parent=17810"}],"wp:term":[{"taxonomy":"pwb-brand","embeddable":true,"href":"https:\/\/dreamstyle.cl\/surfshop\/wp-json\/wp\/v2\/pwb-brand?post=17810"},{"taxonomy":"product_brand","embeddable":true,"href":"https:\/\/dreamstyle.cl\/surfshop\/wp-json\/wp\/v2\/product_brand?post=17810"},{"taxonomy":"product_cat","embeddable":true,"href":"https:\/\/dreamstyle.cl\/surfshop\/wp-json\/wp\/v2\/product_cat?post=17810"},{"taxonomy":"product_tag","embeddable":true,"href":"https:\/\/dreamstyle.cl\/surfshop\/wp-json\/wp\/v2\/product_tag?post=17810"}],"curies":[{"name":"wp","href":"https:\/\/api.w.org\/{rel}","templated":true}]}}