{"id":17975,"date":"2022-03-20T01:30:38","date_gmt":"2022-03-20T01:30:38","guid":{"rendered":"https:\/\/dreamstyle.cl\/surfshop\/?post_type=product&#038;p=17975"},"modified":"2022-05-02T04:34:16","modified_gmt":"2022-05-02T04:34:16","slug":"pill-tabla-completa-paper-cuts-balance-8-125","status":"publish","type":"product","link":"https:\/\/dreamstyle.cl\/surfshop\/producto\/pill-tabla-completa-paper-cuts-balance-8-125\/","title":{"rendered":"TABLA PILL COMPLETA PAPER CUTS BALANCE &#8211; 8.125"},"content":{"rendered":"<p>Pill &#8211; Tabla Completa\u00a0Paper Cuts Balance &#8211; 8.125<\/p>\n<p>Las nuevas tablas completas est\u00e1n fabricadas con los m\u00e1s altos est\u00e1ndares de calidad.<\/p>\n<p>Prensadas en fr\u00edo con 7 ply-Hard Rock Canadian Maple con f\u00f3rmula especial de pegamento Epoxy.<\/p>\n<p>Las nuevas completas Pill 2021 vienen armadas con:<\/p>\n<ul>\n<li>Ruedas C\u00f3nicas 54mm\u00a0slim logo<\/li>\n<li>Trucks Iron<\/li>\n<li>Rodamientos Iron abec 7<\/li>\n<li>Lija Iron.<\/li>\n<\/ul>\n","protected":false},"excerpt":{"rendered":"<p>Pill &#8211; Tabla Completa\u00a0Paper Cuts Balance &#8211; 8.125 Las nuevas tablas completas est\u00e1n fabricadas con los m\u00e1s altos est\u00e1ndares de calidad. Prensadas en fr\u00edo con 7 ply-Hard Rock Canadian Maple con f\u00f3rmula especial de pegamento Epoxy. Las nuevas completas Pill 2021 vienen armadas con: Ruedas C\u00f3nicas 54mm\u00a0slim logo Trucks Iron Rodamientos Iron abec 7 Lija [&hellip;]<\/p>\n","protected":false},"featured_media":17998,"comment_status":"closed","ping_status":"closed","template":"","meta":{"site-sidebar-layout":"default","site-content-layout":"default","ast-site-content-layout":"default","site-content-style":"default","site-sidebar-style":"default","ast-global-header-display":"","ast-banner-title-visibility":"","ast-main-header-display":"","ast-hfb-above-header-display":"","ast-hfb-below-header-display":"","ast-hfb-mobile-header-display":"","site-post-title":"","ast-breadcrumbs-content":"","ast-featured-img":"","footer-sml-layout":"","ast-disable-related-posts":"","theme-transparent-header-meta":"default","adv-header-id-meta":"","stick-header-meta":"default","header-above-stick-meta":"","header-main-stick-meta":"","header-below-stick-meta":"","astra-migrate-meta-layouts":"default","ast-page-background-enabled":"default","ast-page-background-meta":{"desktop":{"background-color":"var(--ast-global-color-4)","background-image":"","background-repeat":"repeat","background-position":"center center","background-size":"auto","background-attachment":"scroll","background-type":"","background-media":"","overlay-type":"","overlay-color":"","overlay-opacity":"","overlay-gradient":""},"tablet":{"background-color":"","background-image":"","background-repeat":"repeat","background-position":"center center","background-size":"auto","background-attachment":"scroll","background-type":"","background-media":"","overlay-type":"","overlay-color":"","overlay-opacity":"","overlay-gradient":""},"mobile":{"background-color":"","background-image":"","background-repeat":"repeat","background-position":"center center","background-size":"auto","background-attachment":"scroll","background-type":"","background-media":"","overlay-type":"","overlay-color":"","overlay-opacity":"","overlay-gradient":""}},"ast-content-background-meta":{"desktop":{"background-color":"var(--ast-global-color-5)","background-image":"","background-repeat":"repeat","background-position":"center center","background-size":"auto","background-attachment":"scroll","background-type":"","background-media":"","overlay-type":"","overlay-color":"","overlay-opacity":"","overlay-gradient":""},"tablet":{"background-color":"var(--ast-global-color-5)","background-image":"","background-repeat":"repeat","background-position":"center center","background-size":"auto","background-attachment":"scroll","background-type":"","background-media":"","overlay-type":"","overlay-color":"","overlay-opacity":"","overlay-gradient":""},"mobile":{"background-color":"var(--ast-global-color-5)","background-image":"","background-repeat":"repeat","background-position":"center center","background-size":"auto","background-attachment":"scroll","background-type":"","background-media":"","overlay-type":"","overlay-color":"","overlay-opacity":"","overlay-gradient":""}},"_joinchat":[]},"pwb-brand":[315],"product_brand":[],"product_cat":[213,311],"product_tag":[236],"class_list":{"0":"post-17975","1":"product","2":"type-product","3":"status-publish","4":"has-post-thumbnail","6":"pwb-brand-the-pill-company","7":"product_cat-skateboarding","8":"product_cat-tablas","9":"product_tag-tablas-skate","10":"desktop-align-left","11":"tablet-align-left","12":"mobile-align-left","13":"ast-product-gallery-layout-horizontal","14":"ast-product-gallery-with-no-image","15":"ast-product-tabs-layout-horizontal","17":"first","18":"instock","19":"shipping-taxable","20":"product-type-simple"},"brands":[{"id":315,"name":"The Pill Company","slug":"the-pill-company"}],"_links":{"self":[{"href":"https:\/\/dreamstyle.cl\/surfshop\/wp-json\/wp\/v2\/product\/17975","targetHints":{"allow":["GET"]}}],"collection":[{"href":"https:\/\/dreamstyle.cl\/surfshop\/wp-json\/wp\/v2\/product"}],"about":[{"href":"https:\/\/dreamstyle.cl\/surfshop\/wp-json\/wp\/v2\/types\/product"}],"replies":[{"embeddable":true,"href":"https:\/\/dreamstyle.cl\/surfshop\/wp-json\/wp\/v2\/comments?post=17975"}],"wp:featuredmedia":[{"embeddable":true,"href":"https:\/\/dreamstyle.cl\/surfshop\/wp-json\/wp\/v2\/media\/17998"}],"wp:attachment":[{"href":"https:\/\/dreamstyle.cl\/surfshop\/wp-json\/wp\/v2\/media?parent=17975"}],"wp:term":[{"taxonomy":"pwb-brand","embeddable":true,"href":"https:\/\/dreamstyle.cl\/surfshop\/wp-json\/wp\/v2\/pwb-brand?post=17975"},{"taxonomy":"product_brand","embeddable":true,"href":"https:\/\/dreamstyle.cl\/surfshop\/wp-json\/wp\/v2\/product_brand?post=17975"},{"taxonomy":"product_cat","embeddable":true,"href":"https:\/\/dreamstyle.cl\/surfshop\/wp-json\/wp\/v2\/product_cat?post=17975"},{"taxonomy":"product_tag","embeddable":true,"href":"https:\/\/dreamstyle.cl\/surfshop\/wp-json\/wp\/v2\/product_tag?post=17975"}],"curies":[{"name":"wp","href":"https:\/\/api.w.org\/{rel}","templated":true}]}}