{"id":17976,"date":"2022-03-20T01:30:38","date_gmt":"2022-03-20T01:30:38","guid":{"rendered":"https:\/\/dreamstyle.cl\/surfshop\/?post_type=product&#038;p=17976"},"modified":"2026-01-16T03:37:36","modified_gmt":"2026-01-16T03:37:36","slug":"botin-de-surf-4mm","status":"publish","type":"product","link":"https:\/\/dreamstyle.cl\/surfshop\/producto\/botin-de-surf-4mm\/","title":{"rendered":"Bot\u00edn de Surf 4mm"},"content":{"rendered":"<p><span style=\"vertical-align: inherit;\"><span style=\"vertical-align: inherit;\"><span style=\"vertical-align: inherit;\"><span style=\"vertical-align: inherit;\">Experimente la m\u00e1xima comodidad y protecci\u00f3n durante sus sesiones de surf con estos botines de surf de alta calidad. <\/span><span style=\"vertical-align: inherit;\">Fabricados por Dreamstyle, estos botines est\u00e1n dise\u00f1ados para brindar un ajuste c\u00f3modo y seguro mientras mantienen los pies calientes y secos. <\/span><span style=\"vertical-align: inherit;\">El sistema Dry Lock garantiza que el agua permanezca afuera, para que puedas concentrarte en atrapar la ola perfecta. <\/span><span style=\"vertical-align: inherit;\">Elaborados en Camboya con la m\u00e1xima atenci\u00f3n al detalle, estos botines de surf son el complemento perfecto para tu equipo de deportes acu\u00e1ticos. <\/span><span style=\"vertical-align: inherit;\">Ya seas un profesional experimentado o un principiante, estos botines te mantendr\u00e1n c\u00f3modo y seguro. <\/span><span style=\"vertical-align: inherit;\">Prep\u00e1rate para surfear las olas como nunca antes con estos botines de surf de primera l\u00ednea.\u00a0<\/span><\/span><\/span><\/span><\/p>\n<p>&nbsp;<\/p>\n","protected":false},"excerpt":{"rendered":"<p>&nbsp;<\/p>\n<ul>\n<li>Bot\u00edn con Sistema Drylock (tubular) para impedir que traspase el agua.<\/li>\n<li>100 % Sellado (Liquid Seal system).<\/li>\n<li>Planta de gran agarre y resistencia.<\/li>\n<\/ul>\n","protected":false},"featured_media":17999,"comment_status":"closed","ping_status":"closed","template":"","meta":{"site-sidebar-layout":"default","site-content-layout":"default","ast-site-content-layout":"default","site-content-style":"default","site-sidebar-style":"default","ast-global-header-display":"","ast-banner-title-visibility":"","ast-main-header-display":"","ast-hfb-above-header-display":"","ast-hfb-below-header-display":"","ast-hfb-mobile-header-display":"","site-post-title":"","ast-breadcrumbs-content":"","ast-featured-img":"","footer-sml-layout":"","ast-disable-related-posts":"","theme-transparent-header-meta":"default","adv-header-id-meta":"","stick-header-meta":"default","header-above-stick-meta":"","header-main-stick-meta":"","header-below-stick-meta":"","astra-migrate-meta-layouts":"set","ast-page-background-enabled":"default","ast-page-background-meta":{"desktop":{"background-color":"var(--ast-global-color-4)","background-image":"","background-repeat":"repeat","background-position":"center center","background-size":"auto","background-attachment":"scroll","background-type":"","background-media":"","overlay-type":"","overlay-color":"","overlay-opacity":"","overlay-gradient":""},"tablet":{"background-color":"","background-image":"","background-repeat":"repeat","background-position":"center center","background-size":"auto","background-attachment":"scroll","background-type":"","background-media":"","overlay-type":"","overlay-color":"","overlay-opacity":"","overlay-gradient":""},"mobile":{"background-color":"","background-image":"","background-repeat":"repeat","background-position":"center center","background-size":"auto","background-attachment":"scroll","background-type":"","background-media":"","overlay-type":"","overlay-color":"","overlay-opacity":"","overlay-gradient":""}},"ast-content-background-meta":{"desktop":{"background-color":"var(--ast-global-color-5)","background-image":"","background-repeat":"repeat","background-position":"center center","background-size":"auto","background-attachment":"scroll","background-type":"","background-media":"","overlay-type":"","overlay-color":"","overlay-opacity":"","overlay-gradient":""},"tablet":{"background-color":"var(--ast-global-color-5)","background-image":"","background-repeat":"repeat","background-position":"center center","background-size":"auto","background-attachment":"scroll","background-type":"","background-media":"","overlay-type":"","overlay-color":"","overlay-opacity":"","overlay-gradient":""},"mobile":{"background-color":"var(--ast-global-color-5)","background-image":"","background-repeat":"repeat","background-position":"center center","background-size":"auto","background-attachment":"scroll","background-type":"","background-media":"","overlay-type":"","overlay-color":"","overlay-opacity":"","overlay-gradient":""}},"_joinchat":[]},"pwb-brand":[313],"product_brand":[],"product_cat":[97,336,247],"product_tag":[137],"class_list":{"0":"post-17976","1":"product","2":"type-product","3":"status-publish","4":"has-post-thumbnail","6":"pwb-brand-dreamstyle","7":"product_cat-accesorios","8":"product_cat-botines-de-surf","9":"product_cat-neoprene","10":"product_tag-dreamstyle","11":"desktop-align-left","12":"tablet-align-left","13":"mobile-align-left","14":"ast-product-gallery-layout-horizontal","15":"ast-product-single-variable","16":"ast-product-tabs-layout-horizontal","18":"first","19":"instock","20":"shipping-taxable","21":"purchasable","22":"product-type-variable"},"brands":[{"id":313,"name":"Dreamstyle\u00ae","slug":"dreamstyle"}],"_links":{"self":[{"href":"https:\/\/dreamstyle.cl\/surfshop\/wp-json\/wp\/v2\/product\/17976","targetHints":{"allow":["GET"]}}],"collection":[{"href":"https:\/\/dreamstyle.cl\/surfshop\/wp-json\/wp\/v2\/product"}],"about":[{"href":"https:\/\/dreamstyle.cl\/surfshop\/wp-json\/wp\/v2\/types\/product"}],"replies":[{"embeddable":true,"href":"https:\/\/dreamstyle.cl\/surfshop\/wp-json\/wp\/v2\/comments?post=17976"}],"wp:featuredmedia":[{"embeddable":true,"href":"https:\/\/dreamstyle.cl\/surfshop\/wp-json\/wp\/v2\/media\/17999"}],"wp:attachment":[{"href":"https:\/\/dreamstyle.cl\/surfshop\/wp-json\/wp\/v2\/media?parent=17976"}],"wp:term":[{"taxonomy":"pwb-brand","embeddable":true,"href":"https:\/\/dreamstyle.cl\/surfshop\/wp-json\/wp\/v2\/pwb-brand?post=17976"},{"taxonomy":"product_brand","embeddable":true,"href":"https:\/\/dreamstyle.cl\/surfshop\/wp-json\/wp\/v2\/product_brand?post=17976"},{"taxonomy":"product_cat","embeddable":true,"href":"https:\/\/dreamstyle.cl\/surfshop\/wp-json\/wp\/v2\/product_cat?post=17976"},{"taxonomy":"product_tag","embeddable":true,"href":"https:\/\/dreamstyle.cl\/surfshop\/wp-json\/wp\/v2\/product_tag?post=17976"}],"curies":[{"name":"wp","href":"https:\/\/api.w.org\/{rel}","templated":true}]}}