{"id":18340,"date":"2022-06-23T14:35:38","date_gmt":"2022-06-23T14:35:38","guid":{"rendered":"https:\/\/dreamstyle.cl\/surfshop\/?post_type=product&#038;p=18340"},"modified":"2026-02-16T04:34:21","modified_gmt":"2026-02-16T04:34:21","slug":"bts-kids-back-zip-4-3-black-yellow","status":"publish","type":"product","link":"https:\/\/dreamstyle.cl\/surfshop\/producto\/bts-kids-back-zip-4-3-black-yellow\/","title":{"rendered":"Bts Kids Back Zip 4\/3 Black\/Yellow"},"content":{"rendered":"<p>BTS: \u201cBack To School\u201d. 100% ECO-Neopreno, es la versi\u00f3n mejorada del corte cl\u00e1sico de wetsuit. Cuenta con un cierre de menor tama\u00f1o en la espalda y un sistema de collar interior, que lo hace mucho m\u00e1s herm\u00e9tico que los cl\u00e1sicos, proporcionando una barrera adicional contra el agua. Un wetsuits funcional, flexible y ligero, con costuras estrat\u00e9gicas, har\u00e1n que sientas su comodidad.<\/p>\n<p>\u2013 4\/3<br \/>\n\u2013 Cierre YKK atr\u00e1s de menor tama\u00f1o<br \/>\n\u2013 100% ECO-NEOPRENO (99,7% hidrorepelente al agua)<br \/>\n\u2013 Collar interior<br \/>\n\u2013 Tela ultra suave y de baja absorci\u00f3n de agua y antibacterial<br \/>\n\u2013 Paneles reducidos, dise\u00f1o de costura estrat\u00e9gica<br \/>\n\u2013 Pecho 4mm y paneles traseros, Brazos 3mm, hombros y piernas<br \/>\n\u2013 Sellos parciales en costuras interiores<br \/>\n\u2013 Mu\u00f1eca y tobillo con sellos en cinta de silicona<br \/>\n\u2013 \u00cdndice de temperatura del agua: 8-15 \u00baC<\/p>\n","protected":false},"excerpt":{"rendered":"<p>BTS: \u201cBack To School\u201d. 100% ECO-Neopreno, es la versi\u00f3n mejorada del corte cl\u00e1sico de wetsuit. Cuenta con un cierre de menor tama\u00f1o en la espalda y un sistema de collar interior, que lo hace mucho m\u00e1s herm\u00e9tico que los cl\u00e1sicos, proporcionando una barrera adicional contra el agua. Un wetsuits funcional, flexible y ligero, con costuras [&hellip;]<\/p>\n","protected":false},"featured_media":18345,"comment_status":"open","ping_status":"closed","template":"","meta":{"site-sidebar-layout":"default","site-content-layout":"default","ast-site-content-layout":"default","site-content-style":"default","site-sidebar-style":"default","ast-global-header-display":"","ast-banner-title-visibility":"","ast-main-header-display":"","ast-hfb-above-header-display":"","ast-hfb-below-header-display":"","ast-hfb-mobile-header-display":"","site-post-title":"","ast-breadcrumbs-content":"","ast-featured-img":"","footer-sml-layout":"","ast-disable-related-posts":"","theme-transparent-header-meta":"default","adv-header-id-meta":"","stick-header-meta":"default","header-above-stick-meta":"","header-main-stick-meta":"","header-below-stick-meta":"","astra-migrate-meta-layouts":"default","ast-page-background-enabled":"default","ast-page-background-meta":{"desktop":{"background-color":"var(--ast-global-color-4)","background-image":"","background-repeat":"repeat","background-position":"center center","background-size":"auto","background-attachment":"scroll","background-type":"","background-media":"","overlay-type":"","overlay-color":"","overlay-opacity":"","overlay-gradient":""},"tablet":{"background-color":"","background-image":"","background-repeat":"repeat","background-position":"center center","background-size":"auto","background-attachment":"scroll","background-type":"","background-media":"","overlay-type":"","overlay-color":"","overlay-opacity":"","overlay-gradient":""},"mobile":{"background-color":"","background-image":"","background-repeat":"repeat","background-position":"center center","background-size":"auto","background-attachment":"scroll","background-type":"","background-media":"","overlay-type":"","overlay-color":"","overlay-opacity":"","overlay-gradient":""}},"ast-content-background-meta":{"desktop":{"background-color":"var(--ast-global-color-5)","background-image":"","background-repeat":"repeat","background-position":"center center","background-size":"auto","background-attachment":"scroll","background-type":"","background-media":"","overlay-type":"","overlay-color":"","overlay-opacity":"","overlay-gradient":""},"tablet":{"background-color":"var(--ast-global-color-5)","background-image":"","background-repeat":"repeat","background-position":"center center","background-size":"auto","background-attachment":"scroll","background-type":"","background-media":"","overlay-type":"","overlay-color":"","overlay-opacity":"","overlay-gradient":""},"mobile":{"background-color":"var(--ast-global-color-5)","background-image":"","background-repeat":"repeat","background-position":"center center","background-size":"auto","background-attachment":"scroll","background-type":"","background-media":"","overlay-type":"","overlay-color":"","overlay-opacity":"","overlay-gradient":""}},"_joinchat":[]},"pwb-brand":[],"product_brand":[],"product_cat":[309,247],"product_tag":[],"class_list":{"0":"post-18340","1":"product","2":"type-product","3":"status-publish","4":"has-post-thumbnail","6":"product_cat-surf","7":"product_cat-neoprene","8":"desktop-align-left","9":"tablet-align-left","10":"mobile-align-left","11":"ast-product-gallery-layout-horizontal","12":"ast-product-tabs-layout-horizontal","14":"first","15":"instock","16":"shipping-taxable","17":"purchasable","18":"product-type-simple"},"brands":[],"_links":{"self":[{"href":"https:\/\/dreamstyle.cl\/surfshop\/wp-json\/wp\/v2\/product\/18340","targetHints":{"allow":["GET"]}}],"collection":[{"href":"https:\/\/dreamstyle.cl\/surfshop\/wp-json\/wp\/v2\/product"}],"about":[{"href":"https:\/\/dreamstyle.cl\/surfshop\/wp-json\/wp\/v2\/types\/product"}],"replies":[{"embeddable":true,"href":"https:\/\/dreamstyle.cl\/surfshop\/wp-json\/wp\/v2\/comments?post=18340"}],"wp:featuredmedia":[{"embeddable":true,"href":"https:\/\/dreamstyle.cl\/surfshop\/wp-json\/wp\/v2\/media\/18345"}],"wp:attachment":[{"href":"https:\/\/dreamstyle.cl\/surfshop\/wp-json\/wp\/v2\/media?parent=18340"}],"wp:term":[{"taxonomy":"pwb-brand","embeddable":true,"href":"https:\/\/dreamstyle.cl\/surfshop\/wp-json\/wp\/v2\/pwb-brand?post=18340"},{"taxonomy":"product_brand","embeddable":true,"href":"https:\/\/dreamstyle.cl\/surfshop\/wp-json\/wp\/v2\/product_brand?post=18340"},{"taxonomy":"product_cat","embeddable":true,"href":"https:\/\/dreamstyle.cl\/surfshop\/wp-json\/wp\/v2\/product_cat?post=18340"},{"taxonomy":"product_tag","embeddable":true,"href":"https:\/\/dreamstyle.cl\/surfshop\/wp-json\/wp\/v2\/product_tag?post=18340"}],"curies":[{"name":"wp","href":"https:\/\/api.w.org\/{rel}","templated":true}]}}