{"id":18352,"date":"2022-06-24T22:48:41","date_gmt":"2022-06-24T22:48:41","guid":{"rendered":"https:\/\/dreamstyle.cl\/surfshop\/?post_type=product&#038;p=18352"},"modified":"2023-01-11T02:36:02","modified_gmt":"2023-01-11T02:36:02","slug":"traje-de-neopreno-mujer-flashbomb-4-3mm-chest-zip-rip-curl","status":"publish","type":"product","link":"https:\/\/dreamstyle.cl\/surfshop\/producto\/traje-de-neopreno-mujer-flashbomb-4-3mm-chest-zip-rip-curl\/","title":{"rendered":"Traje de Neopreno Mujer Flashbomb 4\/3mm Chest Zip &#8211; RIP CURL"},"content":{"rendered":"<p>Traje de Neopreno Mujer Flashbomb, Ahora con E6 Flash Lining que proporciona un 20% de elasticidad, calidez y un secado s\u00faper r\u00e1pido. Las costuras tambi\u00e9n est\u00e1n grabadas con cinta E6 Flash Lining para mayor comodidad y sellado de costuras de agua. Los paneles de piel de malla absorben los rayos solares y reducen la sensaci\u00f3n t\u00e9rmica.<\/p>\n<ul>\n<li><strong>E6 NEOPRENO<\/strong>\n<ul>\n<li>Neopreno ligero de alta elasticidad, 30% m\u00e1s el\u00e1stico y 20% m\u00e1s liviano que el E4.<\/li>\n<\/ul>\n<\/li>\n<li><strong>E6 FLASH FORRO<\/strong>\n<ul>\n<li>E6 Flash Lining tiene un incre\u00edble 20% m\u00e1s de estiramiento que E5 Flash Lining y ahora es igual a nuestro Neopreno E6 Ultimate Stretch, con las ventajas adicionales de proporcionar la m\u00e1xima calidez y comodidad. E6 Flash Lining, ahora con estiramiento definitivo.<\/li>\n<\/ul>\n<\/li>\n<li><strong>PANEL DE PIEL DE MALLA<\/strong>\n<ul>\n<li>Paneles de malla lisa que absorben el calor solar y reducen la sensaci\u00f3n t\u00e9rmica.<\/li>\n<\/ul>\n<\/li>\n<li><strong>E6 CINTA DE FORRO FLASH<\/strong>\n<ul>\n<li>Cinta el\u00e1stica definitiva con forro Flash para m\u00e1xima elasticidad, calidez y comodidad.<\/li>\n<\/ul>\n<\/li>\n<li><strong>ZIP DEL PECHO<\/strong>\n<ul>\n<li>Sistema de entrada superior f\u00e1cil con cremallera ligera para el cierre de cremallera en el pecho.<\/li>\n<\/ul>\n<\/li>\n<\/ul>\n","protected":false},"excerpt":{"rendered":"<p>Disponible solo en Talla 10<\/p>\n<p>Traje de Neopreno Mujer Flashbomb, Ahora con E6 Flash Lining que proporciona un 20% de elasticidad, calidez y un secado s\u00faper r\u00e1pido.<\/p>\n","protected":false},"featured_media":18356,"comment_status":"open","ping_status":"closed","template":"","meta":{"site-sidebar-layout":"default","site-content-layout":"default","ast-site-content-layout":"default","site-content-style":"default","site-sidebar-style":"default","ast-global-header-display":"","ast-banner-title-visibility":"","ast-main-header-display":"","ast-hfb-above-header-display":"","ast-hfb-below-header-display":"","ast-hfb-mobile-header-display":"","site-post-title":"","ast-breadcrumbs-content":"","ast-featured-img":"","footer-sml-layout":"","ast-disable-related-posts":"","theme-transparent-header-meta":"default","adv-header-id-meta":"","stick-header-meta":"default","header-above-stick-meta":"","header-main-stick-meta":"","header-below-stick-meta":"","astra-migrate-meta-layouts":"default","ast-page-background-enabled":"default","ast-page-background-meta":{"desktop":{"background-color":"var(--ast-global-color-4)","background-image":"","background-repeat":"repeat","background-position":"center center","background-size":"auto","background-attachment":"scroll","background-type":"","background-media":"","overlay-type":"","overlay-color":"","overlay-opacity":"","overlay-gradient":""},"tablet":{"background-color":"","background-image":"","background-repeat":"repeat","background-position":"center center","background-size":"auto","background-attachment":"scroll","background-type":"","background-media":"","overlay-type":"","overlay-color":"","overlay-opacity":"","overlay-gradient":""},"mobile":{"background-color":"","background-image":"","background-repeat":"repeat","background-position":"center center","background-size":"auto","background-attachment":"scroll","background-type":"","background-media":"","overlay-type":"","overlay-color":"","overlay-opacity":"","overlay-gradient":""}},"ast-content-background-meta":{"desktop":{"background-color":"var(--ast-global-color-5)","background-image":"","background-repeat":"repeat","background-position":"center center","background-size":"auto","background-attachment":"scroll","background-type":"","background-media":"","overlay-type":"","overlay-color":"","overlay-opacity":"","overlay-gradient":""},"tablet":{"background-color":"var(--ast-global-color-5)","background-image":"","background-repeat":"repeat","background-position":"center center","background-size":"auto","background-attachment":"scroll","background-type":"","background-media":"","overlay-type":"","overlay-color":"","overlay-opacity":"","overlay-gradient":""},"mobile":{"background-color":"var(--ast-global-color-5)","background-image":"","background-repeat":"repeat","background-position":"center center","background-size":"auto","background-attachment":"scroll","background-type":"","background-media":"","overlay-type":"","overlay-color":"","overlay-opacity":"","overlay-gradient":""}},"_joinchat":[]},"pwb-brand":[],"product_brand":[],"product_cat":[247,309],"product_tag":[],"class_list":{"0":"post-18352","1":"product","2":"type-product","3":"status-publish","4":"has-post-thumbnail","6":"product_cat-neoprene","7":"product_cat-surf","8":"desktop-align-left","9":"tablet-align-left","10":"mobile-align-left","11":"ast-product-gallery-layout-horizontal","12":"ast-product-tabs-layout-horizontal","14":"first","15":"instock","16":"shipping-taxable","17":"purchasable","18":"product-type-simple"},"brands":[],"_links":{"self":[{"href":"https:\/\/dreamstyle.cl\/surfshop\/wp-json\/wp\/v2\/product\/18352","targetHints":{"allow":["GET"]}}],"collection":[{"href":"https:\/\/dreamstyle.cl\/surfshop\/wp-json\/wp\/v2\/product"}],"about":[{"href":"https:\/\/dreamstyle.cl\/surfshop\/wp-json\/wp\/v2\/types\/product"}],"replies":[{"embeddable":true,"href":"https:\/\/dreamstyle.cl\/surfshop\/wp-json\/wp\/v2\/comments?post=18352"}],"wp:featuredmedia":[{"embeddable":true,"href":"https:\/\/dreamstyle.cl\/surfshop\/wp-json\/wp\/v2\/media\/18356"}],"wp:attachment":[{"href":"https:\/\/dreamstyle.cl\/surfshop\/wp-json\/wp\/v2\/media?parent=18352"}],"wp:term":[{"taxonomy":"pwb-brand","embeddable":true,"href":"https:\/\/dreamstyle.cl\/surfshop\/wp-json\/wp\/v2\/pwb-brand?post=18352"},{"taxonomy":"product_brand","embeddable":true,"href":"https:\/\/dreamstyle.cl\/surfshop\/wp-json\/wp\/v2\/product_brand?post=18352"},{"taxonomy":"product_cat","embeddable":true,"href":"https:\/\/dreamstyle.cl\/surfshop\/wp-json\/wp\/v2\/product_cat?post=18352"},{"taxonomy":"product_tag","embeddable":true,"href":"https:\/\/dreamstyle.cl\/surfshop\/wp-json\/wp\/v2\/product_tag?post=18352"}],"curies":[{"name":"wp","href":"https:\/\/api.w.org\/{rel}","templated":true}]}}